{"id":429,"date":"2019-01-29T15:15:38","date_gmt":"2019-01-29T15:15:38","guid":{"rendered":"https:\/\/raumfunktion.ch\/wordpress\/?page_id=429"},"modified":"2026-01-27T12:06:24","modified_gmt":"2026-01-27T11:06:24","slug":"home","status":"publish","type":"page","link":"https:\/\/rentrooms.ch\/","title":{"rendered":"Home"},"content":{"rendered":"<div class=\"wpb-content-wrapper\"><p>[vc_row type=&#187;boxed&#187;][vc_column][vc_column_text css=&#187;&#187;]<\/p>\n<h1>Hier l\u00e4sst es sich arbeiten, feiern oder geniessen.<\/h1>\n<h3>An der Kreuzmatt 2 in Wauwil steht ein modernes Gewerbe- und Loftgeb\u00e4ude mit top Infrastruktur.<\/h3>\n<p>Dank der grossen Auswahl an verschieden nutzbaren R\u00e4umen, ist sicher das passende Angebot dabei.<\/p>\n<ul>\n<li>Sehr gut ausgestattete Besprechungs- und Seminarr\u00e4ume in verschiedenen Gr\u00f6ssen<\/li>\n<li>Veranstaltungsr\u00e4ume f\u00fcr Events, Schulungen oder Boardmeetings<\/li>\n<li>Gem\u00fctlich und professionell, mit anpassbarer Einrichtung<\/li>\n<\/ul>\n<p>Wauwil ist dank dem nahen Bahnhof und den beiden Autobahn-Anschl\u00fcssen Sursee und Dagmersellen hervorragend erschlossen.[\/vc_column_text][\/vc_column][\/vc_row][vc_row][vc_column][vc_gallery interval=&#187;5&#8243; images=&#187;1026,1041,1035&#8243; img_size=&#187;1500 px&#187; onclick=&#187;&#187; css=&#187;&#187;][\/vc_column][\/vc_row]<\/p>\n<\/div>","protected":false},"excerpt":{"rendered":"<p>[vc_row type=&#187;boxed&#187;][vc_column][vc_column_text css=&#187;&#187;] Hier l\u00e4sst es sich arbeiten, feiern oder geniessen. An der Kreuzmatt 2 in Wauwil steht ein modernes Gewerbe- und Loftgeb\u00e4ude mit top Infrastruktur. Dank der grossen Auswahl an verschieden nutzbaren R\u00e4umen, ist sicher das passende Angebot dabei. Sehr gut ausgestattete Besprechungs- und Seminarr\u00e4ume in verschiedenen Gr\u00f6ssen Veranstaltungsr\u00e4ume f\u00fcr Events, Schulungen oder Boardmeetings [&hellip;]<\/p>\n","protected":false},"author":2,"featured_media":0,"parent":0,"menu_order":1,"comment_status":"closed","ping_status":"closed","template":"","meta":{"footnotes":""},"class_list":["post-429","page","type-page","status-publish","hentry"],"jetpack_sharing_enabled":true,"_links":{"self":[{"href":"https:\/\/rentrooms.ch\/index.php\/wp-json\/wp\/v2\/pages\/429","targetHints":{"allow":["GET"]}}],"collection":[{"href":"https:\/\/rentrooms.ch\/index.php\/wp-json\/wp\/v2\/pages"}],"about":[{"href":"https:\/\/rentrooms.ch\/index.php\/wp-json\/wp\/v2\/types\/page"}],"author":[{"embeddable":true,"href":"https:\/\/rentrooms.ch\/index.php\/wp-json\/wp\/v2\/users\/2"}],"replies":[{"embeddable":true,"href":"https:\/\/rentrooms.ch\/index.php\/wp-json\/wp\/v2\/comments?post=429"}],"version-history":[{"count":35,"href":"https:\/\/rentrooms.ch\/index.php\/wp-json\/wp\/v2\/pages\/429\/revisions"}],"predecessor-version":[{"id":1159,"href":"https:\/\/rentrooms.ch\/index.php\/wp-json\/wp\/v2\/pages\/429\/revisions\/1159"}],"wp:attachment":[{"href":"https:\/\/rentrooms.ch\/index.php\/wp-json\/wp\/v2\/media?parent=429"}],"curies":[{"name":"wp","href":"https:\/\/api.w.org\/{rel}","templated":true}]}}