{"id":692,"date":"2025-02-04T14:16:30","date_gmt":"2025-02-04T13:16:30","guid":{"rendered":"https:\/\/rentrooms.ch\/index.php\/seminarraum-eg\/"},"modified":"2026-01-26T21:37:06","modified_gmt":"2026-01-26T20:37:06","slug":"seminarraum-eg","status":"publish","type":"page","link":"https:\/\/rentrooms.ch\/index.php\/seminarraum-eg\/","title":{"rendered":"Seminarraum Wauwiler-Moos"},"content":{"rendered":"\n<h2 class=\"wp-block-heading\">Der professionelle Rahmen f\u00fcr Ihr n\u00e4chstes Meeting, Workshop oder Gesch\u00e4ftstreffen.<\/h2>\n\n\n\n<p>Der moderne Seminarraum ist mit einer zeitgem\u00e4ssen Infrastruktur ausgestattet. <\/p>\n\n\n\n<p>Der Raum liegt im Erdgeschoss und ist barrierefrei zug\u00e4nglich. Die Toilette ist zudem behindertengerecht ausgestattet.<\/p>\n\n\n\n<ul class=\"wp-block-list\">\n<li>Ideal f\u00fcr bis zu 8 Personen<\/li>\n\n\n\n<li>Ausgestattet mit moderner Technik<\/li>\n\n\n\n<li>Kaffee und Tee zum selber zubereiten<\/li>\n\n\n\n<li>Zus\u00e4tzliches wie Getr\u00e4nkeservice, etc. nach Absprache<\/li>\n<\/ul>\n\n\n\n<div class=\"wp-block-jetpack-slideshow aligncenter\" data-effect=\"slide\"><div class=\"wp-block-jetpack-slideshow_container swiper\"><ul class=\"wp-block-jetpack-slideshow_swiper-wrapper swiper-wrapper\"><li class=\"wp-block-jetpack-slideshow_slide swiper-slide\"><figure><img loading=\"lazy\" decoding=\"async\" width=\"1024\" height=\"683\" alt=\"\" class=\"wp-block-jetpack-slideshow_image wp-image-999\" data-id=\"999\" src=\"https:\/\/rentrooms.ch\/wp-content\/uploads\/2025\/02\/DSC_2784-1024x683.jpg\" srcset=\"https:\/\/rentrooms.ch\/wp-content\/uploads\/2025\/02\/DSC_2784-1024x683.jpg 1024w, https:\/\/rentrooms.ch\/wp-content\/uploads\/2025\/02\/DSC_2784-300x200.jpg 300w, https:\/\/rentrooms.ch\/wp-content\/uploads\/2025\/02\/DSC_2784-768x512.jpg 768w, https:\/\/rentrooms.ch\/wp-content\/uploads\/2025\/02\/DSC_2784-600x400.jpg 600w, https:\/\/rentrooms.ch\/wp-content\/uploads\/2025\/02\/DSC_2784.jpg 1500w\" sizes=\"(max-width: 1024px) 100vw, 1024px\" \/><\/figure><\/li><li class=\"wp-block-jetpack-slideshow_slide swiper-slide\"><figure><img loading=\"lazy\" decoding=\"async\" width=\"1024\" height=\"683\" alt=\"\" class=\"wp-block-jetpack-slideshow_image wp-image-997\" data-id=\"997\" src=\"https:\/\/rentrooms.ch\/wp-content\/uploads\/2025\/02\/DSC_2793-1024x683.jpg\" srcset=\"https:\/\/rentrooms.ch\/wp-content\/uploads\/2025\/02\/DSC_2793-1024x683.jpg 1024w, https:\/\/rentrooms.ch\/wp-content\/uploads\/2025\/02\/DSC_2793-300x200.jpg 300w, https:\/\/rentrooms.ch\/wp-content\/uploads\/2025\/02\/DSC_2793-768x512.jpg 768w, https:\/\/rentrooms.ch\/wp-content\/uploads\/2025\/02\/DSC_2793-600x400.jpg 600w, https:\/\/rentrooms.ch\/wp-content\/uploads\/2025\/02\/DSC_2793.jpg 1500w\" sizes=\"(max-width: 1024px) 100vw, 1024px\" \/><\/figure><\/li><li class=\"wp-block-jetpack-slideshow_slide swiper-slide\"><figure><img loading=\"lazy\" decoding=\"async\" width=\"1024\" height=\"683\" alt=\"\" class=\"wp-block-jetpack-slideshow_image wp-image-998\" data-id=\"998\" src=\"https:\/\/rentrooms.ch\/wp-content\/uploads\/2025\/02\/DSC_2787-1024x683.jpg\" srcset=\"https:\/\/rentrooms.ch\/wp-content\/uploads\/2025\/02\/DSC_2787-1024x683.jpg 1024w, https:\/\/rentrooms.ch\/wp-content\/uploads\/2025\/02\/DSC_2787-300x200.jpg 300w, https:\/\/rentrooms.ch\/wp-content\/uploads\/2025\/02\/DSC_2787-768x512.jpg 768w, https:\/\/rentrooms.ch\/wp-content\/uploads\/2025\/02\/DSC_2787-600x400.jpg 600w, https:\/\/rentrooms.ch\/wp-content\/uploads\/2025\/02\/DSC_2787.jpg 1500w\" sizes=\"(max-width: 1024px) 100vw, 1024px\" \/><\/figure><\/li><\/ul><a class=\"wp-block-jetpack-slideshow_button-prev swiper-button-prev swiper-button-white\" role=\"button\"><\/a><a class=\"wp-block-jetpack-slideshow_button-next swiper-button-next swiper-button-white\" role=\"button\"><\/a><a aria-label=\"Pause Slideshow\" class=\"wp-block-jetpack-slideshow_button-pause\" role=\"button\"><\/a><div class=\"wp-block-jetpack-slideshow_pagination swiper-pagination swiper-pagination-white\"><\/div><\/div><\/div>\n\n\n <div id=\"form_id1195595154263\"  class=\"wpbc_container wpbc_form wpbc_container_booking_form  \" ><form  id=\"booking_form5\"   class=\"booking_form vertical\" method=\"post\" action=\"\"><div id=\"ajax_respond_insert5\" class=\"ajax_respond_insert\" style=\"display:none;\"><\/div><a name=\"bklnk5\" id=\"bklnk5\"><\/a><div id=\"booking_form_div5\" class=\"booking_form_div\"><div class=\"wpbc__row\"><div class=\"wpbc__field\"><div class=\"wpbc_calendar_wraper wpbc_change_over_triangle\"><div class=\"wpbc_cal_container bk_calendar_frame wpbc_no_custom_width  months_num_in_row_ cal_month_num_1 wpbc_timeslot_day_bg_as_available\" style=\"\"><div id=\"calendar_booking5\">Calendar is loading...<\/div><\/div><textarea id=\"date_booking5\" name=\"date_booking5\" autocomplete=\"off\" style=\"display:none;\"><\/textarea><div class=\"block_hints datepick \"><div class=\"wpdev_hint_with_text\"><div class=\"\"><div class=\"datepick-inline wpbc_calendar_legend_table_width_height\"><table class=\"datepick wpbc_calendar\" style=\"\"><tbody><tr><td class=\"datepick-days-cell date_available wpbc_calendar_legend_day_cell_height\"><div class=\"wpbc-cell-box\">\t<div class=\"date-cell-content\">\t\t<div class=\"date-content-top\"><\/div>\t\t<a>18<\/a>\t\t<div class=\"date-content-bottom\"><\/div>\t<\/div><\/div><\/td><\/tr><\/tbody><\/table><\/div><\/div><div class=\"block_text\">- <\/div><div class=\"block_text\">Frei<\/div><\/div><div class=\"wpdev_hint_with_text\"><div class=\"\"><div class=\"datepick-inline wpbc_calendar_legend_table_width_height\"><table class=\"datepick wpbc_calendar\" style=\"\"><tbody><tr><td class=\"datepick-days-cell datepick-unselectable date_user_unavailable full_day_booking date_approved wpbc_calendar_legend_day_cell_height\"><div class=\"wpbc-cell-box\">\t<div class=\"date-cell-content\">\t\t<div class=\"date-content-top\"><\/div>\t\t<span>18<\/span>\t\t<div class=\"date-content-bottom\"><\/div>\t<\/div><\/div><\/td><\/tr><\/tbody><\/table><\/div><\/div><div class=\"block_text\">- <\/div><div class=\"block_text\">Gebucht<\/div><\/div><div class=\"wpdev_hint_with_text\"><div class=\"\"><div class=\"datepick-inline wpbc_calendar_legend_table_width_height\"><table class=\"datepick wpbc_calendar\" style=\"\"><tbody><tr><td class=\"datepick-days-cell datepick-unselectable date_user_unavailable full_day_booking date2approve wpbc_calendar_legend_day_cell_height\"><div class=\"wpbc-cell-box\">\t<div class=\"date-cell-content\">\t\t<div class=\"date-content-top\"><\/div>\t\t<span>18<\/span>\t\t<div class=\"date-content-bottom\"><\/div>\t<\/div><\/div><\/td><\/tr><\/tbody><\/table><\/div><\/div><div class=\"block_text\">- <\/div><div class=\"block_text\">Reserviert<\/div><\/div><div class=\"wpdev_hint_with_text\"><div class=\"\"><span class=\" wpbc_timeslot_day_bg_as_available wpbc_change_over_triangle\"><div class=\"datepick-inline wpbc_calendar_legend_table_width_height\"><table class=\"datepick wpbc_calendar\" style=\"\"><tbody><tr><td class=\"datepick-days-cell date_available date2approve timespartly times_clock wpbc_calendar_legend_day_cell_height\"><div class=\"wpbc-cell-box\">\t<div class=\"wpbc-diagonal-el\">\t\t<div class=\"wpbc-co-out\"><svg height=\"100%\" width=\"100%\" viewBox=\"0 0 100 100\" preserveAspectRatio=\"none\"><polygon points=\"0,0 0,99 99,0\"><\/polygon><polygon points=\"0,0 0,100 49,100 49,0\"><\/polygon><\/svg><\/div>\t\t<div class=\"wpbc-co-in\"><svg height=\"100%\" width=\"100%\" viewBox=\"0 0 98 98\" preserveAspectRatio=\"none\"><polygon points=\"0,99 99,99 99,0\"><\/polygon><polygon points=\"50,98 98,98 98,0 50,0\"><\/polygon><\/svg><\/div>\t<\/div>\t<div class=\"date-cell-content\">\t\t<div class=\"date-content-top\"><div class=\"wpbc_time_dots\">\u00b7<\/div><\/div>\t\t<a>18<\/a>\t\t<div class=\"date-content-bottom\"><\/div>\t<\/div><\/div><\/td><\/tr><\/tbody><\/table><\/div><\/span><\/div><div class=\"block_text\">- <\/div><div class=\"block_text\">Teilweise gebucht<\/div><\/div><div class=\"wpdev_hint_with_text\"><div class=\"\"><div class=\"datepick-inline wpbc_calendar_legend_table_width_height\"><table class=\"datepick wpbc_calendar\" style=\"\"><tbody><tr><td class=\"datepick-days-cell datepick-unselectable date_user_unavailable wpbc_calendar_legend_day_cell_height\"><div class=\"wpbc-cell-box\">\t<div class=\"date-cell-content\">\t\t<div class=\"date-content-top\"><\/div>\t\t<span>18<\/span>\t\t<div class=\"date-content-bottom\"><\/div>\t<\/div><\/div><\/td><\/tr><\/tbody><\/table><\/div><\/div><div class=\"block_text\">- <\/div><div class=\"block_text\">Nicht verf\u00fcgbar<\/div><\/div><\/div><\/div><\/div><\/div>\r\n\t\t\t\t<div class=\"wpbc__row\">\r\n\t\t\t\t\t<div class=\"wpbc__field\"> <label>Zeitperioden<\/label><br><span class=\"wpbc_wrap_select wpdev-form-control-wrap rangetime5\"><select onchange=\"javascript:if(typeof( showCostHintInsideBkForm ) == 'function') {  showCostHintInsideBkForm(5);}\" name=\"rangetime5\" autocomplete=\"rangetime\" class=\"wpdev-validates-as-required\"><option value=\"08:00 - 12:00\">08:00 - 12:00<\/option><option value=\"13:00 - 17:30\">13:00 - 17:30<\/option><option value=\"08:00 - 17:30\">08:00 - 17.30<\/option><\/select><\/span> <\/div>\r\n\t\t\t\t<\/div>\r\n\t\t\t\t<div class=\"wpbc__row\">\r\n\t\t\t\t<div class=\"wpbc__field\"><label>Optionen: <\/label><br><span class=\"wpbc_wrap_checkbox wpdev-form-control-wrap options5\"><span autocomplete=\"options\" class=\"wpdev-checkbox\"><span class=\"wpdev-list-item\"><input  autocomplete=\"options\" class=\"wpdev-checkbox\" onchange=\"javascript:if(typeof( showCostHintInsideBkForm ) == 'function') {  showCostHintInsideBkForm(5);}\"  type=\"checkbox\"  name=\"options5[]\"  value=\"catering\" \/><span class=\"wpdev-list-item-label\">Catering (Preis nach Absprache)<\/span><\/span><\/span><\/span>\r\n\t\t\t\t<\/div><\/div>\r\n\t\t\t\t<div class=\"wpbc__row\"> \r\n\t\t\t\t\t<div class=\"wpbc__field\"><div class=\"form-hints\">\r\n\t\t\t\t\t\tDaten: <strong><span  class=\"wpbc_field_hint\" id=\"selected_short_timedates_hint_tip5\">...<\/span><input class=\"wpbc_field_hint\" id=\"selected_short_timedates_hint5\" name=\"selected_short_timedates_hint5\" value=\"...\" style=\"display:none;\" type=\"text\" \/><\/strong><br>\r\n\t\t\t\t\t\tGesamtkosten der Buchung (ohne Catering): <strong><span  class=\"wpbc_field_hint\" id=\"booking_hint5\"><span class=\"wpbc-cost-amount\"><span class=\"wpbc-currency-symbol\">&#67;&#72;&#70;<\/span>0.00<\/span><\/span><input class=\"wpbc_field_hint\" id=\"cost_hint5\" name=\"cost_hint5\" value=\"0.00\" style=\"display:none;\" type=\"text\" \/><\/strong> <br>\r\n\t\t\t\t\t<\/div><\/div> \r\n\t\t\t\t<\/div><hr> \r\n\t\t\t\t<div class=\"wpbc__row\">\r\n\t\t\t\t\t<div class=\"wpbc__field\"> <label>Firma<\/label><br><span class=\"wpbc_wrap_text wpdev-form-control-wrap company5\"><input type=\"text\" name=\"company5\" value=\"\" autocomplete=\"company\" size=\"40\" \/><\/span> <\/div>\r\n\t\t\t\t<\/div>\r\n\t\t\t\t<div class=\"wpbc__row\">\r\n\t\t\t\t\t<div class=\"wpbc__field\"> <label>Vorname*<\/label><br><span class=\"wpbc_wrap_text wpdev-form-control-wrap name5\"><input type=\"text\" name=\"name5\" value=\"\" autocomplete=\"name\" class=\"wpdev-validates-as-required\" size=\"40\" \/><\/span> <\/div>\r\n\r\n\t\t\t\t\t<div class=\"wpbc__field\"> <label>Nachname*<\/label><br><span class=\"wpbc_wrap_text wpdev-form-control-wrap secondname5\"><input type=\"text\" name=\"secondname5\" value=\"\" autocomplete=\"secondname\" class=\"wpdev-validates-as-required\" size=\"40\" \/><\/span> <\/div>\r\n\t\t\t\t<\/div>\r\n\t\t\t\t<div class=\"wpbc__row\">\r\n\t\t\t\t\t<div class=\"wpbc__field\"> <label>Email*<\/label><br><span class=\"wpbc_wrap_text wpdev-form-control-wrap email5\"><input type=\"email\" name=\"email5\" value=\"\" autocomplete=\"email\" class=\"wpdev-validates-as-email wpdev-validates-as-required\" size=\"40\" \/><\/span> <\/div>\r\n\r\n\t\t\t\t\t<div class=\"wpbc__field\"> <label>Telefonnummer<\/label><br><span class=\"wpbc_wrap_text wpdev-form-control-wrap phone5\"><input type=\"text\" name=\"phone5\" value=\"\" autocomplete=\"phone\" size=\"40\" \/><\/span> <\/div>\r\n\t\t\t\t<\/div>\r\n\t\t\t\t<div class=\"wpbc__row\">\r\n\t\t\t\t\t<div class=\"wpbc__field\"> <label>Details<\/label><div style=\"clear:both;width.100%\"><\/div>\r\n\t\t\t\t\t\t<span class=\"wpbc_wrap_textarea wpdev-form-control-wrap details5\"><textarea name=\"details5\" autocomplete=\"details\"><\/textarea><\/span> <\/div>\r\n\t\t\t\t<\/div>\r\n\t\t\t\t<div style=\"margin-top:10px;clear:both;\"><\/div>\r\n\t\t\t\t\r\n\t\t\t\t<div class=\"wpbc__row\">\r\n\t\t\t\t\t<div class=\"wpbc__field\">\r\n\t\t\t\t\t  <p class=\"wpbc_row_inline\">\r\n\t\t\t\t\t\t <label><span class=\"wpbc_wrap_checkbox wpdev-form-control-wrap terms5\"><span autocomplete=\"terms\" class=\"wpdev-validates-as-required wpdev-checkbox\"><span class=\"wpdev-list-item\"><input  autocomplete=\"terms\" class=\"wpdev-validates-as-required wpdev-checkbox\" onchange=\"javascript:if(typeof( showCostHintInsideBkForm ) == 'function') {  showCostHintInsideBkForm(5);}\"  type=\"checkbox\"  name=\"terms5[]\"  value=\"Ich akzeptiere\" \/><span class=\"wpdev-list-item-label\">Ich akzeptiere<\/span><\/span><\/span><\/span> <a href=\"https:\/\/rentrooms.ch\/herecomesthelinktothetermsandconditions\" \t\ttarget=\"_blank\">die Allgemeinen Gesch\u00e4ftsbedingungen*<\/a>\t\t\t\t\t\t\t<\/label>\r\n\t\t\t\t\t  <\/p>\r\n\t\t\t\t\t<\/div>\r\n\t\t\t\t<\/div> \r\n\t\t\t\t<div class=\"wpbc__row\">\r\n\t\t\t\t<div class=\"wpbc__field\">\r\n\t\t\t\t\t<\/div><\/div>\r\n\t\t\t\t<div class=\"wpbc__row\">\r\n\t\t\t\t\t<div class=\"wpbc__field\"><input type=\"button\" value=\"Senden\" class=\"wpbc_button_light btn\" onclick=\"mybooking_submit(this.form,5, 'de_CH' );\" \/> <\/div>\r\n\t\t\t\t<\/div>\r\n\t\t\t\t<div class=\"wpbc__row\">\r\n\t\t\t\t<p>\r\n\t\t\t\t\t*Eingabe erforderlich\r\n\t\t\t\t<\/p>\r\n\t\t\t\t<\/div><script type=\"text\/javascript\">(function() { var a = setInterval( function() {  if ( ( 'undefined' === typeof _wpbc ) || ( 'undefined' === typeof jQuery ) || ! window.jQuery ) { return; } clearInterval( a ); jQuery( document ).ready( function (){\t\tmoveOptionalElementsToGarbage( 5 );\r\n\t} ); }, 500 ); })();<\/script><script type=\"text\/javascript\">(function() { var a = setInterval( function() {  if ( ( 'undefined' === typeof _wpbc ) || ( 'undefined' === typeof jQuery ) || ! window.jQuery ) { return; } clearInterval( a ); jQuery( document ).ready( function (){\t\t_wpbc.seasons__set( 5, [] );\r\n\t} ); }, 500 ); })();<\/script><input name=\"booking_form_type5\"  id=\"booking_form_type5\" type=\"hidden\" value=\"seminar-moos\"><input id=\"bk_type5\" name=\"bk_type5\" class=\"\" type=\"hidden\" value=\"5\" \/><\/div><div id=\"submiting5\"><\/div><div class=\"form_bk_messages\" id=\"form_bk_messages5\" ><\/div><input type=\"hidden\" id=\"wpbc_nonceCALCULATE_THE_COST5\" name=\"wpbc_nonceCALCULATE_THE_COST5\" value=\"3812d742f0\" \/><input type=\"hidden\" name=\"_wp_http_referer\" value=\"\/index.php\/wp-json\/wp\/v2\/pages\/692\" \/><\/form><\/div><div id=\"booking_form_garbage5\" class=\"booking_form_garbage\"><\/div><script type=\"text\/javascript\"> (function() { var a = setInterval( function() {  if ( ( 'undefined' === typeof _wpbc ) || ( 'undefined' === typeof jQuery ) || ! window.jQuery ) { return; } clearInterval( a ); jQuery( document ).ready( function (){ jQuery(\".widget_wpdev_booking .booking_form.form-horizontal\").removeClass(\"form-horizontal\");\n                                    var visible_calendars_count = _wpbc.get_other_param( \"calendars__on_this_page\" ).length;\n                                    if (visible_calendars_count !== null ) {\n                                        for (var i=0;i< visible_calendars_count ;i++){\n                                          if ( _wpbc.get_other_param( \"calendars__on_this_page\" )[i] === 5 ) {\n                                              document.getElementById(\"form_id1195595154263\").innerHTML = \"<span style='color:#A00;font-size:10px;'>Warning! Booking calendar for this booking resource are already at the page, please check more about this issue at this page: https:\/\/wpbookingcalendar.com\/faq\/why-the-booking-calendar-widget-not-show-on-page\/<\/span>\";                                                                                                  \n                                              jQuery(\"#form_id1195595154263\").animate( {opacity: 1}, 10000 ).fadeOut(5000);\n                                              return;\n                                          }\n                                        }\n                                        _wpbc.get_other_param( \"calendars__on_this_page\" )[ visible_calendars_count ]=5;\n                                    } } ); }, 500 ); })();<\/script> <script type=\"text\/javascript\"> (function() { var a = setInterval( function() {  if ( ( 'undefined' === typeof _wpbc ) || ( 'undefined' === typeof jQuery ) || ! window.jQuery ) { return; } clearInterval( a ); jQuery( document ).ready( function (){ _wpbc.balancer__set_max_threads( 3 );  _wpbc.calendar__set_param_value( 5 , 'calendar_scroll_to' , false );  _wpbc.calendar__set_param_value( 5 , 'booking_max_monthes_in_calendar' , '2y' );  _wpbc.calendar__set_param_value( 5 , 'booking_start_day_weeek' , '1' );  _wpbc.calendar__set_param_value( 5 , 'calendar_number_of_months' , '1' );   _wpbc.calendar__set_param_value( 5, 'days_select_mode', 'dynamic' );   _wpbc.calendar__set_param_value( 5, 'fixed__days_num', 3 );   _wpbc.calendar__set_param_value( 5, 'fixed__week_days__start',   [-1] );   _wpbc.calendar__set_param_value( 5, 'dynamic__days_min', 1 );   _wpbc.calendar__set_param_value( 5, 'dynamic__days_max', 365 );   _wpbc.calendar__set_param_value( 5, 'dynamic__days_specific',    [] );   _wpbc.calendar__set_param_value( 5, 'dynamic__week_days__start', [-1] );   _wpbc.calendar__set_param_value( 5, 'booking_date_format', 'd.m.Y' );   _wpbc.calendar__set_param_value( 5, 'booking_time_format', 'H:i' );  _wpbc.calendar__set_param_value( 5 , 'booking_recurrent_time' , 'On' );   if ( 'function' === typeof ( wpbc__conditions__SAVE_INITIAL__days_selection_params__bm ) ){ wpbc__conditions__SAVE_INITIAL__days_selection_params__bm( 5 ); }   wpbc_calendar_show( '5' );   _wpbc.set_secure_param( 'nonce',   '496222d484' );   _wpbc.set_secure_param( 'user_id', '0' );   _wpbc.set_secure_param( 'locale',  'de_CH' );  wpbc_calendar__load_data__ajx( {\"resource_id\":5,\"booking_hash\":\"\",\"request_uri\":\"\\\/index.php\\\/wp-json\\\/wp\\\/v2\\\/pages\\\/692\",\"custom_form\":\"seminar-moos\",\"aggregate_resource_id_str\":\"\",\"aggregate_type\":\"all\"} ); } ); }, 500 ); })();<\/script><div  id=\"gateway_payment_forms  \"><\/div>\n\n\n\n<p><\/p>\n","protected":false},"excerpt":{"rendered":"<p>Der professionelle Rahmen f\u00fcr Ihr n\u00e4chstes Meeting, Workshop oder Gesch\u00e4ftstreffen. Der moderne Seminarraum ist mit einer zeitgem\u00e4ssen Infrastruktur ausgestattet. Der Raum liegt im Erdgeschoss und ist barrierefrei zug\u00e4nglich. Die Toilette ist zudem behindertengerecht ausgestattet.<\/p>\n","protected":false},"author":2,"featured_media":0,"parent":0,"menu_order":0,"comment_status":"closed","ping_status":"closed","template":"","meta":{"footnotes":""},"class_list":["post-692","page","type-page","status-publish","hentry"],"jetpack_sharing_enabled":true,"_links":{"self":[{"href":"https:\/\/rentrooms.ch\/index.php\/wp-json\/wp\/v2\/pages\/692","targetHints":{"allow":["GET"]}}],"collection":[{"href":"https:\/\/rentrooms.ch\/index.php\/wp-json\/wp\/v2\/pages"}],"about":[{"href":"https:\/\/rentrooms.ch\/index.php\/wp-json\/wp\/v2\/types\/page"}],"author":[{"embeddable":true,"href":"https:\/\/rentrooms.ch\/index.php\/wp-json\/wp\/v2\/users\/2"}],"replies":[{"embeddable":true,"href":"https:\/\/rentrooms.ch\/index.php\/wp-json\/wp\/v2\/comments?post=692"}],"version-history":[{"count":6,"href":"https:\/\/rentrooms.ch\/index.php\/wp-json\/wp\/v2\/pages\/692\/revisions"}],"predecessor-version":[{"id":1119,"href":"https:\/\/rentrooms.ch\/index.php\/wp-json\/wp\/v2\/pages\/692\/revisions\/1119"}],"wp:attachment":[{"href":"https:\/\/rentrooms.ch\/index.php\/wp-json\/wp\/v2\/media?parent=692"}],"curies":[{"name":"wp","href":"https:\/\/api.w.org\/{rel}","templated":true}]}}