{"id":820,"date":"2025-02-13T09:02:40","date_gmt":"2025-02-13T08:02:40","guid":{"rendered":"https:\/\/rentrooms.ch\/?page_id=820"},"modified":"2026-01-26T15:42:01","modified_gmt":"2026-01-26T14:42:01","slug":"workspace-santenberg","status":"publish","type":"page","link":"https:\/\/rentrooms.ch\/index.php\/workspace-santenberg\/","title":{"rendered":"Meetingraum Santenberg"},"content":{"rendered":"\n<h3 class=\"wp-block-heading\">Der Sitzungszimmer Santenberg kann f\u00fcr Meetings, Brainstormings, Workshops, Gesch\u00e4ftstreffen oder Vorstellungsgespr\u00e4che genutzt werden.<\/h3>\n\n\n\n<p>Der Raum bietet Platz f\u00fcr bis zu acht Personen. Neben zeitgem\u00e4sser Infrastruktur ist im Raum eine Kaffeemaschine vorhanden \u2013 weiter kann die vorhandene K\u00fcche dazu gemietet werden oder Sie nutzen unser Cateringangebot.<\/p>\n\n\n\n<ul class=\"wp-block-list\">\n<li>Ideal f\u00fcr bis zu 8 Personen<\/li>\n\n\n\n<li>Ausgestattet mit moderner Technik<\/li>\n\n\n\n<li>Kaffee und Tee zum selber zubereiten<\/li>\n\n\n\n<li>Kaltgetr\u00e4nke zur Selbstbedienung bestellbar<\/li>\n\n\n\n<li>Eine K\u00fcche ist vorhanden<\/li>\n\n\n\n<li>Zus\u00e4tzliches nach Absprache<\/li>\n<\/ul>\n\n\n\n<div class=\"wp-block-jetpack-slideshow aligncenter\" data-effect=\"slide\"><div class=\"wp-block-jetpack-slideshow_container swiper\"><ul class=\"wp-block-jetpack-slideshow_swiper-wrapper swiper-wrapper\"><li class=\"wp-block-jetpack-slideshow_slide swiper-slide\"><figure><img loading=\"lazy\" decoding=\"async\" width=\"1500\" height=\"1000\" alt=\"\" class=\"wp-block-jetpack-slideshow_image wp-image-1007\" data-id=\"1007\" src=\"https:\/\/rentrooms.ch\/wp-content\/uploads\/2025\/02\/hf-rentrooms-santenberg_DSC_3302.jpg\" srcset=\"https:\/\/rentrooms.ch\/wp-content\/uploads\/2025\/02\/hf-rentrooms-santenberg_DSC_3302.jpg 1500w, https:\/\/rentrooms.ch\/wp-content\/uploads\/2025\/02\/hf-rentrooms-santenberg_DSC_3302-300x200.jpg 300w, https:\/\/rentrooms.ch\/wp-content\/uploads\/2025\/02\/hf-rentrooms-santenberg_DSC_3302-1024x683.jpg 1024w, https:\/\/rentrooms.ch\/wp-content\/uploads\/2025\/02\/hf-rentrooms-santenberg_DSC_3302-768x512.jpg 768w, https:\/\/rentrooms.ch\/wp-content\/uploads\/2025\/02\/hf-rentrooms-santenberg_DSC_3302-600x400.jpg 600w\" sizes=\"(max-width: 1500px) 100vw, 1500px\" \/><\/figure><\/li><li class=\"wp-block-jetpack-slideshow_slide swiper-slide\"><figure><img loading=\"lazy\" decoding=\"async\" width=\"1500\" height=\"1000\" alt=\"\" class=\"wp-block-jetpack-slideshow_image wp-image-1008\" data-id=\"1008\" src=\"https:\/\/rentrooms.ch\/wp-content\/uploads\/2025\/02\/hf-rentrooms-santenberg_DSC_3307.jpg\" srcset=\"https:\/\/rentrooms.ch\/wp-content\/uploads\/2025\/02\/hf-rentrooms-santenberg_DSC_3307.jpg 1500w, https:\/\/rentrooms.ch\/wp-content\/uploads\/2025\/02\/hf-rentrooms-santenberg_DSC_3307-300x200.jpg 300w, https:\/\/rentrooms.ch\/wp-content\/uploads\/2025\/02\/hf-rentrooms-santenberg_DSC_3307-1024x683.jpg 1024w, https:\/\/rentrooms.ch\/wp-content\/uploads\/2025\/02\/hf-rentrooms-santenberg_DSC_3307-768x512.jpg 768w, https:\/\/rentrooms.ch\/wp-content\/uploads\/2025\/02\/hf-rentrooms-santenberg_DSC_3307-600x400.jpg 600w\" sizes=\"(max-width: 1500px) 100vw, 1500px\" \/><\/figure><\/li><li class=\"wp-block-jetpack-slideshow_slide swiper-slide\"><figure><img loading=\"lazy\" decoding=\"async\" width=\"1500\" height=\"1000\" alt=\"\" class=\"wp-block-jetpack-slideshow_image wp-image-1005\" data-id=\"1005\" src=\"https:\/\/rentrooms.ch\/wp-content\/uploads\/2025\/02\/hf-rentrooms-santenberg_DSC_3292.jpg\" srcset=\"https:\/\/rentrooms.ch\/wp-content\/uploads\/2025\/02\/hf-rentrooms-santenberg_DSC_3292.jpg 1500w, https:\/\/rentrooms.ch\/wp-content\/uploads\/2025\/02\/hf-rentrooms-santenberg_DSC_3292-300x200.jpg 300w, https:\/\/rentrooms.ch\/wp-content\/uploads\/2025\/02\/hf-rentrooms-santenberg_DSC_3292-1024x683.jpg 1024w, https:\/\/rentrooms.ch\/wp-content\/uploads\/2025\/02\/hf-rentrooms-santenberg_DSC_3292-768x512.jpg 768w, https:\/\/rentrooms.ch\/wp-content\/uploads\/2025\/02\/hf-rentrooms-santenberg_DSC_3292-600x400.jpg 600w\" sizes=\"(max-width: 1500px) 100vw, 1500px\" \/><\/figure><\/li><li class=\"wp-block-jetpack-slideshow_slide swiper-slide\"><figure><img loading=\"lazy\" decoding=\"async\" width=\"1500\" height=\"1000\" alt=\"\" class=\"wp-block-jetpack-slideshow_image wp-image-1006\" data-id=\"1006\" src=\"https:\/\/rentrooms.ch\/wp-content\/uploads\/2025\/02\/hf-rentrooms-santenberg_DSC_3298.jpg\" srcset=\"https:\/\/rentrooms.ch\/wp-content\/uploads\/2025\/02\/hf-rentrooms-santenberg_DSC_3298.jpg 1500w, https:\/\/rentrooms.ch\/wp-content\/uploads\/2025\/02\/hf-rentrooms-santenberg_DSC_3298-300x200.jpg 300w, https:\/\/rentrooms.ch\/wp-content\/uploads\/2025\/02\/hf-rentrooms-santenberg_DSC_3298-1024x683.jpg 1024w, https:\/\/rentrooms.ch\/wp-content\/uploads\/2025\/02\/hf-rentrooms-santenberg_DSC_3298-768x512.jpg 768w, https:\/\/rentrooms.ch\/wp-content\/uploads\/2025\/02\/hf-rentrooms-santenberg_DSC_3298-600x400.jpg 600w\" sizes=\"(max-width: 1500px) 100vw, 1500px\" \/><\/figure><\/li><li class=\"wp-block-jetpack-slideshow_slide swiper-slide\"><figure><img loading=\"lazy\" decoding=\"async\" width=\"1500\" height=\"1000\" alt=\"\" class=\"wp-block-jetpack-slideshow_image wp-image-1002\" data-id=\"1002\" src=\"https:\/\/rentrooms.ch\/wp-content\/uploads\/2025\/02\/hf-rentrooms-santenberg_DSC_3204.jpg\" srcset=\"https:\/\/rentrooms.ch\/wp-content\/uploads\/2025\/02\/hf-rentrooms-santenberg_DSC_3204.jpg 1500w, https:\/\/rentrooms.ch\/wp-content\/uploads\/2025\/02\/hf-rentrooms-santenberg_DSC_3204-300x200.jpg 300w, https:\/\/rentrooms.ch\/wp-content\/uploads\/2025\/02\/hf-rentrooms-santenberg_DSC_3204-1024x683.jpg 1024w, https:\/\/rentrooms.ch\/wp-content\/uploads\/2025\/02\/hf-rentrooms-santenberg_DSC_3204-768x512.jpg 768w, https:\/\/rentrooms.ch\/wp-content\/uploads\/2025\/02\/hf-rentrooms-santenberg_DSC_3204-600x400.jpg 600w\" sizes=\"(max-width: 1500px) 100vw, 1500px\" \/><\/figure><\/li><li class=\"wp-block-jetpack-slideshow_slide swiper-slide\"><figure><img loading=\"lazy\" decoding=\"async\" width=\"1500\" height=\"1000\" alt=\"\" class=\"wp-block-jetpack-slideshow_image wp-image-1004\" data-id=\"1004\" src=\"https:\/\/rentrooms.ch\/wp-content\/uploads\/2025\/02\/hf-rentrooms-santenberg_DSC_3213.jpg\" srcset=\"https:\/\/rentrooms.ch\/wp-content\/uploads\/2025\/02\/hf-rentrooms-santenberg_DSC_3213.jpg 1500w, https:\/\/rentrooms.ch\/wp-content\/uploads\/2025\/02\/hf-rentrooms-santenberg_DSC_3213-300x200.jpg 300w, https:\/\/rentrooms.ch\/wp-content\/uploads\/2025\/02\/hf-rentrooms-santenberg_DSC_3213-1024x683.jpg 1024w, https:\/\/rentrooms.ch\/wp-content\/uploads\/2025\/02\/hf-rentrooms-santenberg_DSC_3213-768x512.jpg 768w, https:\/\/rentrooms.ch\/wp-content\/uploads\/2025\/02\/hf-rentrooms-santenberg_DSC_3213-600x400.jpg 600w\" sizes=\"(max-width: 1500px) 100vw, 1500px\" \/><\/figure><\/li><li class=\"wp-block-jetpack-slideshow_slide swiper-slide\"><figure><img loading=\"lazy\" decoding=\"async\" width=\"1500\" height=\"1000\" alt=\"\" class=\"wp-block-jetpack-slideshow_image wp-image-1003\" data-id=\"1003\" src=\"https:\/\/rentrooms.ch\/wp-content\/uploads\/2025\/02\/hf-rentrooms-santenberg_DSC_3210.jpg\" srcset=\"https:\/\/rentrooms.ch\/wp-content\/uploads\/2025\/02\/hf-rentrooms-santenberg_DSC_3210.jpg 1500w, https:\/\/rentrooms.ch\/wp-content\/uploads\/2025\/02\/hf-rentrooms-santenberg_DSC_3210-300x200.jpg 300w, https:\/\/rentrooms.ch\/wp-content\/uploads\/2025\/02\/hf-rentrooms-santenberg_DSC_3210-1024x683.jpg 1024w, https:\/\/rentrooms.ch\/wp-content\/uploads\/2025\/02\/hf-rentrooms-santenberg_DSC_3210-768x512.jpg 768w, https:\/\/rentrooms.ch\/wp-content\/uploads\/2025\/02\/hf-rentrooms-santenberg_DSC_3210-600x400.jpg 600w\" sizes=\"(max-width: 1500px) 100vw, 1500px\" \/><\/figure><\/li><\/ul><a class=\"wp-block-jetpack-slideshow_button-prev swiper-button-prev swiper-button-white\" role=\"button\"><\/a><a class=\"wp-block-jetpack-slideshow_button-next swiper-button-next swiper-button-white\" role=\"button\"><\/a><a aria-label=\"Pause Slideshow\" class=\"wp-block-jetpack-slideshow_button-pause\" role=\"button\"><\/a><div class=\"wp-block-jetpack-slideshow_pagination swiper-pagination swiper-pagination-white\"><\/div><\/div><\/div>\n\n\n <div id=\"form_id938001313392\"  class=\"wpbc_container wpbc_form wpbc_container_booking_form  \" ><form  id=\"booking_form15\"   class=\"booking_form vertical\" method=\"post\" action=\"\"><div id=\"ajax_respond_insert15\" class=\"ajax_respond_insert\" style=\"display:none;\"><\/div><a name=\"bklnk15\" id=\"bklnk15\"><\/a><div id=\"booking_form_div15\" class=\"booking_form_div\"><div class=\"wpbc__row\"><div class=\"wpbc__field\"><div class=\"wpbc_calendar_wraper wpbc_change_over_triangle\"><div class=\"wpbc_cal_container bk_calendar_frame wpbc_no_custom_width  months_num_in_row_ cal_month_num_1 wpbc_timeslot_day_bg_as_available\" style=\"\"><div id=\"calendar_booking15\">Calendar is loading...<\/div><\/div><textarea id=\"date_booking15\" name=\"date_booking15\" autocomplete=\"off\" style=\"display:none;\"><\/textarea><div class=\"block_hints datepick \"><div class=\"wpdev_hint_with_text\"><div class=\"\"><div class=\"datepick-inline wpbc_calendar_legend_table_width_height\"><table class=\"datepick wpbc_calendar\" style=\"\"><tbody><tr><td class=\"datepick-days-cell date_available wpbc_calendar_legend_day_cell_height\"><div class=\"wpbc-cell-box\">\t<div class=\"date-cell-content\">\t\t<div class=\"date-content-top\"><\/div>\t\t<a>18<\/a>\t\t<div class=\"date-content-bottom\"><\/div>\t<\/div><\/div><\/td><\/tr><\/tbody><\/table><\/div><\/div><div class=\"block_text\">- <\/div><div class=\"block_text\">Frei<\/div><\/div><div class=\"wpdev_hint_with_text\"><div class=\"\"><div class=\"datepick-inline wpbc_calendar_legend_table_width_height\"><table class=\"datepick wpbc_calendar\" style=\"\"><tbody><tr><td class=\"datepick-days-cell datepick-unselectable date_user_unavailable full_day_booking date_approved wpbc_calendar_legend_day_cell_height\"><div class=\"wpbc-cell-box\">\t<div class=\"date-cell-content\">\t\t<div class=\"date-content-top\"><\/div>\t\t<span>18<\/span>\t\t<div class=\"date-content-bottom\"><\/div>\t<\/div><\/div><\/td><\/tr><\/tbody><\/table><\/div><\/div><div class=\"block_text\">- <\/div><div class=\"block_text\">Gebucht<\/div><\/div><div class=\"wpdev_hint_with_text\"><div class=\"\"><div class=\"datepick-inline wpbc_calendar_legend_table_width_height\"><table class=\"datepick wpbc_calendar\" style=\"\"><tbody><tr><td class=\"datepick-days-cell datepick-unselectable date_user_unavailable full_day_booking date2approve wpbc_calendar_legend_day_cell_height\"><div class=\"wpbc-cell-box\">\t<div class=\"date-cell-content\">\t\t<div class=\"date-content-top\"><\/div>\t\t<span>18<\/span>\t\t<div class=\"date-content-bottom\"><\/div>\t<\/div><\/div><\/td><\/tr><\/tbody><\/table><\/div><\/div><div class=\"block_text\">- <\/div><div class=\"block_text\">Reserviert<\/div><\/div><div class=\"wpdev_hint_with_text\"><div class=\"\"><span class=\" wpbc_timeslot_day_bg_as_available wpbc_change_over_triangle\"><div class=\"datepick-inline wpbc_calendar_legend_table_width_height\"><table class=\"datepick wpbc_calendar\" style=\"\"><tbody><tr><td class=\"datepick-days-cell date_available date2approve timespartly times_clock wpbc_calendar_legend_day_cell_height\"><div class=\"wpbc-cell-box\">\t<div class=\"wpbc-diagonal-el\">\t\t<div class=\"wpbc-co-out\"><svg height=\"100%\" width=\"100%\" viewBox=\"0 0 100 100\" preserveAspectRatio=\"none\"><polygon points=\"0,0 0,99 99,0\"><\/polygon><polygon points=\"0,0 0,100 49,100 49,0\"><\/polygon><\/svg><\/div>\t\t<div class=\"wpbc-co-in\"><svg height=\"100%\" width=\"100%\" viewBox=\"0 0 98 98\" preserveAspectRatio=\"none\"><polygon points=\"0,99 99,99 99,0\"><\/polygon><polygon points=\"50,98 98,98 98,0 50,0\"><\/polygon><\/svg><\/div>\t<\/div>\t<div class=\"date-cell-content\">\t\t<div class=\"date-content-top\"><div class=\"wpbc_time_dots\">\u00b7<\/div><\/div>\t\t<a>18<\/a>\t\t<div class=\"date-content-bottom\"><\/div>\t<\/div><\/div><\/td><\/tr><\/tbody><\/table><\/div><\/span><\/div><div class=\"block_text\">- <\/div><div class=\"block_text\">Teilweise gebucht<\/div><\/div><div class=\"wpdev_hint_with_text\"><div class=\"\"><div class=\"datepick-inline wpbc_calendar_legend_table_width_height\"><table class=\"datepick wpbc_calendar\" style=\"\"><tbody><tr><td class=\"datepick-days-cell datepick-unselectable date_user_unavailable wpbc_calendar_legend_day_cell_height\"><div class=\"wpbc-cell-box\">\t<div class=\"date-cell-content\">\t\t<div class=\"date-content-top\"><\/div>\t\t<span>18<\/span>\t\t<div class=\"date-content-bottom\"><\/div>\t<\/div><\/div><\/td><\/tr><\/tbody><\/table><\/div><\/div><div class=\"block_text\">- <\/div><div class=\"block_text\">Nicht verf\u00fcgbar<\/div><\/div><\/div><\/div><\/div><\/div>\r\n\t\t\t\t<div class=\"wpbc__row\">\r\n\t\t\t\t\t<div class=\"wpbc__field\"> <label>Zeitperioden<\/label><br><span class=\"wpbc_wrap_select wpdev-form-control-wrap rangetime15\"><select onchange=\"javascript:if(typeof( showCostHintInsideBkForm ) == 'function') {  showCostHintInsideBkForm(15);}\" name=\"rangetime15\" autocomplete=\"rangetime\" class=\"wpdev-validates-as-required\"><option value=\"08:00 - 13:00\">08:00 - 13:00<\/option><option value=\"13:00 - 17:30\">13:00 - 17:30<\/option><option value=\"08:00 - 17:30\">08:00 - 17.30<\/option><\/select><\/span> <\/div>\r\n\t\t\t\t<\/div>\r\n\t\t\t\t<div class=\"wpbc__row\">\r\n\t\t\t\t<div class=\"wpbc__field\"><label>Option: <\/label><br><span class=\"wpbc_wrap_checkbox wpdev-form-control-wrap options15\"><span autocomplete=\"options\" class=\"wpdev-checkbox\"><span class=\"wpdev-list-item\"><input  autocomplete=\"options\" class=\"wpdev-checkbox\" onchange=\"javascript:if(typeof( showCostHintInsideBkForm ) == 'function') {  showCostHintInsideBkForm(15);}\"  type=\"checkbox\"  name=\"options15[]\"  value=\"catering\" \/><span class=\"wpdev-list-item-label\">Catering (Preis nach Absprache)<\/span><\/span><\/span><\/span>\r\n\t\t\t\t<\/div><\/div>\r\n\t\t\t\t<div class=\"wpbc__row\"> \r\n\t\t\t\t\t<div class=\"wpbc__field\"><div class=\"form-hints\">\r\n\t\t\t\t\t\tDaten: <strong><span  class=\"wpbc_field_hint\" id=\"selected_short_timedates_hint_tip15\">...<\/span><input class=\"wpbc_field_hint\" id=\"selected_short_timedates_hint15\" name=\"selected_short_timedates_hint15\" value=\"...\" style=\"display:none;\" type=\"text\" \/><\/strong><br>\r\n\t\t\t\t\t\tGesamtkosten der Buchung (ohne Catering): <strong><span  class=\"wpbc_field_hint\" id=\"booking_hint15\"><span class=\"wpbc-cost-amount\"><span class=\"wpbc-currency-symbol\">&#67;&#72;&#70;<\/span>0.00<\/span><\/span><input class=\"wpbc_field_hint\" id=\"cost_hint15\" name=\"cost_hint15\" value=\"0.00\" style=\"display:none;\" type=\"text\" \/><\/strong> <br>\r\n\t\t\t\t\t<\/div><\/div> \r\n\t\t\t\t<\/div><hr> \r\n\t\t\t\t<div class=\"wpbc__row\">\r\n\t\t\t\t\t<div class=\"wpbc__field\"> <label>Firma<\/label><br><span class=\"wpbc_wrap_text wpdev-form-control-wrap company15\"><input type=\"text\" name=\"company15\" value=\"\" autocomplete=\"company\" size=\"40\" \/><\/span> <\/div>\r\n\t\t\t\t<\/div>\r\n\t\t\t\t<div class=\"wpbc__row\">\r\n\t\t\t\t\t<div class=\"wpbc__field\"> <label>Vorname*<\/label><br><span class=\"wpbc_wrap_text wpdev-form-control-wrap name15\"><input type=\"text\" name=\"name15\" value=\"\" autocomplete=\"name\" class=\"wpdev-validates-as-required\" size=\"40\" \/><\/span> <\/div>\r\n\r\n\t\t\t\t\t<div class=\"wpbc__field\"> <label>Nachname*<\/label><br><span class=\"wpbc_wrap_text wpdev-form-control-wrap secondname15\"><input type=\"text\" name=\"secondname15\" value=\"\" autocomplete=\"secondname\" class=\"wpdev-validates-as-required\" size=\"40\" \/><\/span> <\/div>\r\n\t\t\t\t<\/div>\r\n\t\t\t\t<div class=\"wpbc__row\">\r\n\t\t\t\t\t<div class=\"wpbc__field\"> <label>Email*<\/label><br><span class=\"wpbc_wrap_text wpdev-form-control-wrap email15\"><input type=\"email\" name=\"email15\" value=\"\" autocomplete=\"email\" class=\"wpdev-validates-as-email wpdev-validates-as-required\" size=\"40\" \/><\/span> <\/div>\r\n\r\n\t\t\t\t\t<div class=\"wpbc__field\"> <label>Telefonnummer<\/label><br><span class=\"wpbc_wrap_text wpdev-form-control-wrap phone15\"><input type=\"text\" name=\"phone15\" value=\"\" autocomplete=\"phone\" size=\"40\" \/><\/span> <\/div>\r\n\t\t\t\t<\/div>\r\n\t\t\t\t<div class=\"wpbc__row\">\r\n\t\t\t\t\t<div class=\"wpbc__field\"> <label>Details<\/label><div style=\"clear:both;width.100%\"><\/div>\r\n\t\t\t\t\t\t<span class=\"wpbc_wrap_textarea wpdev-form-control-wrap details15\"><textarea name=\"details15\" autocomplete=\"details\"><\/textarea><\/span> <\/div>\r\n\t\t\t\t<\/div>\r\n\t\t\t\t<div style=\"margin-top:10px;clear:both;\"><\/div>\r\n\t\t\t\t\r\n\t\t\t\t<div class=\"wpbc__row\">\r\n\t\t\t\t\t<div class=\"wpbc__field\">\r\n\t\t\t\t\t  <p class=\"wpbc_row_inline\">\r\n\t\t\t\t\t\t <label><span class=\"wpbc_wrap_checkbox wpdev-form-control-wrap terms15\"><span autocomplete=\"terms\" class=\"wpdev-validates-as-required wpdev-checkbox\"><span class=\"wpdev-list-item\"><input  autocomplete=\"terms\" class=\"wpdev-validates-as-required wpdev-checkbox\" onchange=\"javascript:if(typeof( showCostHintInsideBkForm ) == 'function') {  showCostHintInsideBkForm(15);}\"  type=\"checkbox\"  name=\"terms15[]\"  value=\"Ich akzeptiere\" \/><span class=\"wpdev-list-item-label\">Ich akzeptiere<\/span><\/span><\/span><\/span> <a href=\"https:\/\/rentrooms.ch\/herecomesthelinktothetermsandconditions\" \t\ttarget=\"_blank\">die Allgemeinen Gesch\u00e4ftsbedingungen*<\/a>\t\t\t\t\t\t\t<\/label>\r\n\t\t\t\t\t  <\/p>\r\n\t\t\t\t\t<\/div>\r\n\t\t\t\t<\/div> \r\n\t\t\t\t<div class=\"wpbc__row\">\r\n\t\t\t\t<div class=\"wpbc__field\">\r\n\t\t\t\t\t<\/div><\/div>\r\n\t\t\t\t<div class=\"wpbc__row\">\r\n\t\t\t\t\t<div class=\"wpbc__field\"><input type=\"button\" value=\"Senden\" class=\"wpbc_button_light btn\" onclick=\"mybooking_submit(this.form,15, 'de_CH' );\" \/> <\/div>\r\n\t\t\t\t<\/div>\r\n\t\t\t\t<div class=\"wpbc__row\">\r\n\t\t\t\t<p>\r\n\t\t\t\t\t*Eingabe erforderlich\r\n\t\t\t\t<\/p>\r\n\t\t\t\t<\/div><script type=\"text\/javascript\">(function() { var a = setInterval( function() {  if ( ( 'undefined' === typeof _wpbc ) || ( 'undefined' === typeof jQuery ) || ! window.jQuery ) { return; } clearInterval( a ); jQuery( document ).ready( function (){\t\tmoveOptionalElementsToGarbage( 15 );\r\n\t} ); }, 500 ); })();<\/script><script type=\"text\/javascript\">(function() { var a = setInterval( function() {  if ( ( 'undefined' === typeof _wpbc ) || ( 'undefined' === typeof jQuery ) || ! window.jQuery ) { return; } clearInterval( a ); jQuery( document ).ready( function (){\t\t_wpbc.seasons__set( 15, [] );\r\n\t} ); }, 500 ); })();<\/script><input name=\"booking_form_type15\"  id=\"booking_form_type15\" type=\"hidden\" value=\"seminar-kueche-santenberg\"><input id=\"bk_type15\" name=\"bk_type15\" class=\"\" type=\"hidden\" value=\"15\" \/><\/div><div id=\"submiting15\"><\/div><div class=\"form_bk_messages\" id=\"form_bk_messages15\" ><\/div><input type=\"hidden\" id=\"wpbc_nonceCALCULATE_THE_COST15\" name=\"wpbc_nonceCALCULATE_THE_COST15\" value=\"3812d742f0\" \/><input type=\"hidden\" name=\"_wp_http_referer\" value=\"\/index.php\/wp-json\/wp\/v2\/pages\/820\" \/><\/form><\/div><div id=\"booking_form_garbage15\" class=\"booking_form_garbage\"><\/div><script type=\"text\/javascript\"> (function() { var a = setInterval( function() {  if ( ( 'undefined' === typeof _wpbc ) || ( 'undefined' === typeof jQuery ) || ! window.jQuery ) { return; } clearInterval( a ); jQuery( document ).ready( function (){ jQuery(\".widget_wpdev_booking .booking_form.form-horizontal\").removeClass(\"form-horizontal\");\n                                    var visible_calendars_count = _wpbc.get_other_param( \"calendars__on_this_page\" ).length;\n                                    if (visible_calendars_count !== null ) {\n                                        for (var i=0;i< visible_calendars_count ;i++){\n                                          if ( _wpbc.get_other_param( \"calendars__on_this_page\" )[i] === 15 ) {\n                                              document.getElementById(\"form_id938001313392\").innerHTML = \"<span style='color:#A00;font-size:10px;'>Warning! Booking calendar for this booking resource are already at the page, please check more about this issue at this page: https:\/\/wpbookingcalendar.com\/faq\/why-the-booking-calendar-widget-not-show-on-page\/<\/span>\";                                                                                                  \n                                              jQuery(\"#form_id938001313392\").animate( {opacity: 1}, 10000 ).fadeOut(5000);\n                                              return;\n                                          }\n                                        }\n                                        _wpbc.get_other_param( \"calendars__on_this_page\" )[ visible_calendars_count ]=15;\n                                    } } ); }, 500 ); })();<\/script> <script type=\"text\/javascript\"> (function() { var a = setInterval( function() {  if ( ( 'undefined' === typeof _wpbc ) || ( 'undefined' === typeof jQuery ) || ! window.jQuery ) { return; } clearInterval( a ); jQuery( document ).ready( function (){ _wpbc.balancer__set_max_threads( 3 );  _wpbc.calendar__set_param_value( 15 , 'calendar_scroll_to' , false );  _wpbc.calendar__set_param_value( 15 , 'booking_max_monthes_in_calendar' , '2y' );  _wpbc.calendar__set_param_value( 15 , 'booking_start_day_weeek' , '1' );  _wpbc.calendar__set_param_value( 15 , 'calendar_number_of_months' , '1' );   _wpbc.calendar__set_param_value( 15, 'days_select_mode', 'dynamic' );   _wpbc.calendar__set_param_value( 15, 'fixed__days_num', 3 );   _wpbc.calendar__set_param_value( 15, 'fixed__week_days__start',   [-1] );   _wpbc.calendar__set_param_value( 15, 'dynamic__days_min', 1 );   _wpbc.calendar__set_param_value( 15, 'dynamic__days_max', 365 );   _wpbc.calendar__set_param_value( 15, 'dynamic__days_specific',    [] );   _wpbc.calendar__set_param_value( 15, 'dynamic__week_days__start', [-1] );   _wpbc.calendar__set_param_value( 15, 'booking_date_format', 'd.m.Y' );   _wpbc.calendar__set_param_value( 15, 'booking_time_format', 'H:i' );  _wpbc.calendar__set_param_value( 15 , 'booking_recurrent_time' , 'On' );   if ( 'function' === typeof ( wpbc__conditions__SAVE_INITIAL__days_selection_params__bm ) ){ wpbc__conditions__SAVE_INITIAL__days_selection_params__bm( 15 ); }   wpbc_calendar_show( '15' );   _wpbc.set_secure_param( 'nonce',   '496222d484' );   _wpbc.set_secure_param( 'user_id', '0' );   _wpbc.set_secure_param( 'locale',  'de_CH' );  wpbc_calendar__load_data__ajx( {\"resource_id\":15,\"booking_hash\":\"\",\"request_uri\":\"\\\/index.php\\\/wp-json\\\/wp\\\/v2\\\/pages\\\/820\",\"custom_form\":\"seminar-kueche-santenberg\",\"aggregate_resource_id_str\":\"\",\"aggregate_type\":\"all\"} ); } ); }, 500 ); })();<\/script><div  id=\"gateway_payment_forms  \"><\/div>\n","protected":false},"excerpt":{"rendered":"<p>Der Sitzungszimmer Santenberg kann f\u00fcr Meetings, Brainstormings, Workshops, Gesch\u00e4ftstreffen oder Vorstellungsgespr\u00e4che genutzt werden. Der Raum bietet Platz f\u00fcr bis zu acht Personen. Neben zeitgem\u00e4sser Infrastruktur ist im Raum eine Kaffeemaschine vorhanden \u2013 weiter kann die vorhandene K\u00fcche dazu gemietet werden oder Sie nutzen unser Cateringangebot.<\/p>\n","protected":false},"author":2,"featured_media":0,"parent":0,"menu_order":0,"comment_status":"closed","ping_status":"closed","template":"","meta":{"footnotes":""},"class_list":["post-820","page","type-page","status-publish","hentry"],"jetpack_sharing_enabled":true,"_links":{"self":[{"href":"https:\/\/rentrooms.ch\/index.php\/wp-json\/wp\/v2\/pages\/820","targetHints":{"allow":["GET"]}}],"collection":[{"href":"https:\/\/rentrooms.ch\/index.php\/wp-json\/wp\/v2\/pages"}],"about":[{"href":"https:\/\/rentrooms.ch\/index.php\/wp-json\/wp\/v2\/types\/page"}],"author":[{"embeddable":true,"href":"https:\/\/rentrooms.ch\/index.php\/wp-json\/wp\/v2\/users\/2"}],"replies":[{"embeddable":true,"href":"https:\/\/rentrooms.ch\/index.php\/wp-json\/wp\/v2\/comments?post=820"}],"version-history":[{"count":9,"href":"https:\/\/rentrooms.ch\/index.php\/wp-json\/wp\/v2\/pages\/820\/revisions"}],"predecessor-version":[{"id":1084,"href":"https:\/\/rentrooms.ch\/index.php\/wp-json\/wp\/v2\/pages\/820\/revisions\/1084"}],"wp:attachment":[{"href":"https:\/\/rentrooms.ch\/index.php\/wp-json\/wp\/v2\/media?parent=820"}],"curies":[{"name":"wp","href":"https:\/\/api.w.org\/{rel}","templated":true}]}}