{"id":857,"date":"2025-02-13T09:25:02","date_gmt":"2025-02-13T08:25:02","guid":{"rendered":"https:\/\/rentrooms.ch\/?page_id=857"},"modified":"2026-01-26T22:28:19","modified_gmt":"2026-01-26T21:28:19","slug":"bueroflaeche-napf","status":"publish","type":"page","link":"https:\/\/rentrooms.ch\/index.php\/bueroflaeche-napf\/","title":{"rendered":"Event- und Meetingraum Napf"},"content":{"rendered":"\n<h2 class=\"wp-block-heading\">Der Event- und Meetingraum Napf kann f\u00fcr Feiern oder auch Vereinsversammlungen genutzt werden.<\/h2>\n\n\n\n<p>Der Raum bietet Platz f\u00fcr bis zu 25 Personen. Der Raum kann je nach Veranstaltung individuell eingerichtet werden. Auch kann die vorhandene K\u00fcche dazu gemietet werden oder Sie nutzen das Cateringangebot.<\/p>\n\n\n\n<ul class=\"wp-block-list\">\n<li>Ideal f\u00fcr bis zu 25 Personen<\/li>\n\n\n\n<li>Ausgestattet mit moderner Technik<\/li>\n\n\n\n<li>Eine K\u00fcche ist auf Wunsch vorhanden<\/li>\n\n\n\n<li>Alles Weitere nach Absprache<\/li>\n<\/ul>\n\n\n\n<div class=\"wp-block-jetpack-slideshow aligncenter\" data-effect=\"slide\"><div class=\"wp-block-jetpack-slideshow_container swiper\"><ul class=\"wp-block-jetpack-slideshow_swiper-wrapper swiper-wrapper\"><li class=\"wp-block-jetpack-slideshow_slide swiper-slide\"><figure><img loading=\"lazy\" decoding=\"async\" width=\"1500\" height=\"1000\" alt=\"\" class=\"wp-block-jetpack-slideshow_image wp-image-1012\" data-id=\"1012\" src=\"https:\/\/rentrooms.ch\/wp-content\/uploads\/2025\/02\/hf-rentrooms-santenberg_DSC_3387.jpg\" srcset=\"https:\/\/rentrooms.ch\/wp-content\/uploads\/2025\/02\/hf-rentrooms-santenberg_DSC_3387.jpg 1500w, https:\/\/rentrooms.ch\/wp-content\/uploads\/2025\/02\/hf-rentrooms-santenberg_DSC_3387-300x200.jpg 300w, https:\/\/rentrooms.ch\/wp-content\/uploads\/2025\/02\/hf-rentrooms-santenberg_DSC_3387-1024x683.jpg 1024w, https:\/\/rentrooms.ch\/wp-content\/uploads\/2025\/02\/hf-rentrooms-santenberg_DSC_3387-768x512.jpg 768w, https:\/\/rentrooms.ch\/wp-content\/uploads\/2025\/02\/hf-rentrooms-santenberg_DSC_3387-600x400.jpg 600w\" sizes=\"(max-width: 1500px) 100vw, 1500px\" \/><\/figure><\/li><li class=\"wp-block-jetpack-slideshow_slide swiper-slide\"><figure><img loading=\"lazy\" decoding=\"async\" width=\"1500\" height=\"1000\" alt=\"\" class=\"wp-block-jetpack-slideshow_image wp-image-1014\" data-id=\"1014\" src=\"https:\/\/rentrooms.ch\/wp-content\/uploads\/2025\/02\/hf-rentrooms-santenberg_DSC_3397.jpg\" srcset=\"https:\/\/rentrooms.ch\/wp-content\/uploads\/2025\/02\/hf-rentrooms-santenberg_DSC_3397.jpg 1500w, https:\/\/rentrooms.ch\/wp-content\/uploads\/2025\/02\/hf-rentrooms-santenberg_DSC_3397-300x200.jpg 300w, https:\/\/rentrooms.ch\/wp-content\/uploads\/2025\/02\/hf-rentrooms-santenberg_DSC_3397-1024x683.jpg 1024w, https:\/\/rentrooms.ch\/wp-content\/uploads\/2025\/02\/hf-rentrooms-santenberg_DSC_3397-768x512.jpg 768w, https:\/\/rentrooms.ch\/wp-content\/uploads\/2025\/02\/hf-rentrooms-santenberg_DSC_3397-600x400.jpg 600w\" sizes=\"(max-width: 1500px) 100vw, 1500px\" \/><\/figure><\/li><li class=\"wp-block-jetpack-slideshow_slide swiper-slide\"><figure><img loading=\"lazy\" decoding=\"async\" width=\"1500\" height=\"1000\" alt=\"\" class=\"wp-block-jetpack-slideshow_image wp-image-1013\" data-id=\"1013\" src=\"https:\/\/rentrooms.ch\/wp-content\/uploads\/2025\/02\/hf-rentrooms-santenberg_DSC_3407.jpg\" srcset=\"https:\/\/rentrooms.ch\/wp-content\/uploads\/2025\/02\/hf-rentrooms-santenberg_DSC_3407.jpg 1500w, https:\/\/rentrooms.ch\/wp-content\/uploads\/2025\/02\/hf-rentrooms-santenberg_DSC_3407-300x200.jpg 300w, https:\/\/rentrooms.ch\/wp-content\/uploads\/2025\/02\/hf-rentrooms-santenberg_DSC_3407-1024x683.jpg 1024w, https:\/\/rentrooms.ch\/wp-content\/uploads\/2025\/02\/hf-rentrooms-santenberg_DSC_3407-768x512.jpg 768w, https:\/\/rentrooms.ch\/wp-content\/uploads\/2025\/02\/hf-rentrooms-santenberg_DSC_3407-600x400.jpg 600w\" sizes=\"(max-width: 1500px) 100vw, 1500px\" \/><\/figure><\/li><li class=\"wp-block-jetpack-slideshow_slide swiper-slide\"><figure><img loading=\"lazy\" decoding=\"async\" width=\"1500\" height=\"1000\" alt=\"\" class=\"wp-block-jetpack-slideshow_image wp-image-1018\" data-id=\"1018\" src=\"https:\/\/rentrooms.ch\/wp-content\/uploads\/2025\/02\/hf-rentrooms-santenberg_DSC_3433.jpg\" srcset=\"https:\/\/rentrooms.ch\/wp-content\/uploads\/2025\/02\/hf-rentrooms-santenberg_DSC_3433.jpg 1500w, https:\/\/rentrooms.ch\/wp-content\/uploads\/2025\/02\/hf-rentrooms-santenberg_DSC_3433-300x200.jpg 300w, https:\/\/rentrooms.ch\/wp-content\/uploads\/2025\/02\/hf-rentrooms-santenberg_DSC_3433-1024x683.jpg 1024w, https:\/\/rentrooms.ch\/wp-content\/uploads\/2025\/02\/hf-rentrooms-santenberg_DSC_3433-768x512.jpg 768w, https:\/\/rentrooms.ch\/wp-content\/uploads\/2025\/02\/hf-rentrooms-santenberg_DSC_3433-600x400.jpg 600w\" sizes=\"(max-width: 1500px) 100vw, 1500px\" \/><\/figure><\/li><li class=\"wp-block-jetpack-slideshow_slide swiper-slide\"><figure><img loading=\"lazy\" decoding=\"async\" width=\"1500\" height=\"1000\" alt=\"\" class=\"wp-block-jetpack-slideshow_image wp-image-1015\" data-id=\"1015\" src=\"https:\/\/rentrooms.ch\/wp-content\/uploads\/2025\/02\/hf-rentrooms-santenberg_DSC_3441.jpg\" srcset=\"https:\/\/rentrooms.ch\/wp-content\/uploads\/2025\/02\/hf-rentrooms-santenberg_DSC_3441.jpg 1500w, https:\/\/rentrooms.ch\/wp-content\/uploads\/2025\/02\/hf-rentrooms-santenberg_DSC_3441-300x200.jpg 300w, https:\/\/rentrooms.ch\/wp-content\/uploads\/2025\/02\/hf-rentrooms-santenberg_DSC_3441-1024x683.jpg 1024w, https:\/\/rentrooms.ch\/wp-content\/uploads\/2025\/02\/hf-rentrooms-santenberg_DSC_3441-768x512.jpg 768w, https:\/\/rentrooms.ch\/wp-content\/uploads\/2025\/02\/hf-rentrooms-santenberg_DSC_3441-600x400.jpg 600w\" sizes=\"(max-width: 1500px) 100vw, 1500px\" \/><\/figure><\/li><li class=\"wp-block-jetpack-slideshow_slide swiper-slide\"><figure><img loading=\"lazy\" decoding=\"async\" width=\"1500\" height=\"1000\" alt=\"\" class=\"wp-block-jetpack-slideshow_image wp-image-1017\" data-id=\"1017\" src=\"https:\/\/rentrooms.ch\/wp-content\/uploads\/2025\/02\/hf-rentrooms-santenberg_DSC_3445.jpg\" srcset=\"https:\/\/rentrooms.ch\/wp-content\/uploads\/2025\/02\/hf-rentrooms-santenberg_DSC_3445.jpg 1500w, https:\/\/rentrooms.ch\/wp-content\/uploads\/2025\/02\/hf-rentrooms-santenberg_DSC_3445-300x200.jpg 300w, https:\/\/rentrooms.ch\/wp-content\/uploads\/2025\/02\/hf-rentrooms-santenberg_DSC_3445-1024x683.jpg 1024w, https:\/\/rentrooms.ch\/wp-content\/uploads\/2025\/02\/hf-rentrooms-santenberg_DSC_3445-768x512.jpg 768w, https:\/\/rentrooms.ch\/wp-content\/uploads\/2025\/02\/hf-rentrooms-santenberg_DSC_3445-600x400.jpg 600w\" sizes=\"(max-width: 1500px) 100vw, 1500px\" \/><\/figure><\/li><li class=\"wp-block-jetpack-slideshow_slide swiper-slide\"><figure><img loading=\"lazy\" decoding=\"async\" width=\"1500\" height=\"1000\" alt=\"\" class=\"wp-block-jetpack-slideshow_image wp-image-1016\" data-id=\"1016\" src=\"https:\/\/rentrooms.ch\/wp-content\/uploads\/2025\/02\/hf-rentrooms-santenberg_DSC_3467.jpg\" srcset=\"https:\/\/rentrooms.ch\/wp-content\/uploads\/2025\/02\/hf-rentrooms-santenberg_DSC_3467.jpg 1500w, https:\/\/rentrooms.ch\/wp-content\/uploads\/2025\/02\/hf-rentrooms-santenberg_DSC_3467-300x200.jpg 300w, https:\/\/rentrooms.ch\/wp-content\/uploads\/2025\/02\/hf-rentrooms-santenberg_DSC_3467-1024x683.jpg 1024w, https:\/\/rentrooms.ch\/wp-content\/uploads\/2025\/02\/hf-rentrooms-santenberg_DSC_3467-768x512.jpg 768w, https:\/\/rentrooms.ch\/wp-content\/uploads\/2025\/02\/hf-rentrooms-santenberg_DSC_3467-600x400.jpg 600w\" sizes=\"(max-width: 1500px) 100vw, 1500px\" \/><\/figure><\/li><li class=\"wp-block-jetpack-slideshow_slide swiper-slide\"><figure><img loading=\"lazy\" decoding=\"async\" width=\"1500\" height=\"1000\" alt=\"\" class=\"wp-block-jetpack-slideshow_image wp-image-1011\" data-id=\"1011\" src=\"https:\/\/rentrooms.ch\/wp-content\/uploads\/2025\/02\/hf-rentrooms-santenberg_DSC_3476.jpg\" srcset=\"https:\/\/rentrooms.ch\/wp-content\/uploads\/2025\/02\/hf-rentrooms-santenberg_DSC_3476.jpg 1500w, https:\/\/rentrooms.ch\/wp-content\/uploads\/2025\/02\/hf-rentrooms-santenberg_DSC_3476-300x200.jpg 300w, https:\/\/rentrooms.ch\/wp-content\/uploads\/2025\/02\/hf-rentrooms-santenberg_DSC_3476-1024x683.jpg 1024w, https:\/\/rentrooms.ch\/wp-content\/uploads\/2025\/02\/hf-rentrooms-santenberg_DSC_3476-768x512.jpg 768w, https:\/\/rentrooms.ch\/wp-content\/uploads\/2025\/02\/hf-rentrooms-santenberg_DSC_3476-600x400.jpg 600w\" sizes=\"(max-width: 1500px) 100vw, 1500px\" \/><\/figure><\/li><\/ul><a class=\"wp-block-jetpack-slideshow_button-prev swiper-button-prev swiper-button-white\" role=\"button\"><\/a><a class=\"wp-block-jetpack-slideshow_button-next swiper-button-next swiper-button-white\" role=\"button\"><\/a><a aria-label=\"Pause Slideshow\" class=\"wp-block-jetpack-slideshow_button-pause\" role=\"button\"><\/a><div class=\"wp-block-jetpack-slideshow_pagination swiper-pagination swiper-pagination-white\"><\/div><\/div><\/div>\n\n\n\n\n\n<p><strong>Buchung aktuell auf Anfrage m\u00f6glich.<\/strong><\/p>\n\n\n\n<p><\/p>\n","protected":false},"excerpt":{"rendered":"<p>Der Event- und Meetingraum Napf kann f\u00fcr Feiern oder auch Vereinsversammlungen genutzt werden. Der Raum bietet Platz f\u00fcr bis zu 25 Personen. Der Raum kann je nach Veranstaltung individuell eingerichtet werden. Auch kann die vorhandene K\u00fcche dazu gemietet werden oder Sie nutzen das Cateringangebot. Buchung aktuell auf Anfrage m\u00f6glich.<\/p>\n","protected":false},"author":2,"featured_media":0,"parent":0,"menu_order":0,"comment_status":"closed","ping_status":"closed","template":"","meta":{"footnotes":""},"class_list":["post-857","page","type-page","status-publish","hentry"],"jetpack_sharing_enabled":true,"_links":{"self":[{"href":"https:\/\/rentrooms.ch\/index.php\/wp-json\/wp\/v2\/pages\/857","targetHints":{"allow":["GET"]}}],"collection":[{"href":"https:\/\/rentrooms.ch\/index.php\/wp-json\/wp\/v2\/pages"}],"about":[{"href":"https:\/\/rentrooms.ch\/index.php\/wp-json\/wp\/v2\/types\/page"}],"author":[{"embeddable":true,"href":"https:\/\/rentrooms.ch\/index.php\/wp-json\/wp\/v2\/users\/2"}],"replies":[{"embeddable":true,"href":"https:\/\/rentrooms.ch\/index.php\/wp-json\/wp\/v2\/comments?post=857"}],"version-history":[{"count":11,"href":"https:\/\/rentrooms.ch\/index.php\/wp-json\/wp\/v2\/pages\/857\/revisions"}],"predecessor-version":[{"id":1151,"href":"https:\/\/rentrooms.ch\/index.php\/wp-json\/wp\/v2\/pages\/857\/revisions\/1151"}],"wp:attachment":[{"href":"https:\/\/rentrooms.ch\/index.php\/wp-json\/wp\/v2\/media?parent=857"}],"curies":[{"name":"wp","href":"https:\/\/api.w.org\/{rel}","templated":true}]}}